{"id":34,"date":"2025-12-16T22:41:04","date_gmt":"2025-12-16T21:41:04","guid":{"rendered":"https:\/\/parafiadabrowka.wordpress.com\/?page_id=34"},"modified":"2025-12-23T00:02:09","modified_gmt":"2025-12-23T00:02:09","slug":"kancelaria","status":"publish","type":"page","link":"https:\/\/parafia-dabrowka.pl\/index.php\/kancelaria\/","title":{"rendered":"Kancelaria"},"content":{"rendered":"\n<div class=\"wp-block-group alignfull has-global-padding is-content-justification-center is-layout-constrained wp-container-core-group-is-layout-13c8b6ad wp-block-group-is-layout-constrained\" style=\"margin-top:0;margin-bottom:0;padding-top:var(--wp--preset--spacing--50);padding-right:var(--wp--style--root--padding-right, var(--wp--custom--gap--horizontal));padding-bottom:calc( 0.5 * var(--wp--style--root--padding-right, var(--wp--custom--gap--horizontal)));padding-left:var(--wp--style--root--padding-left, var(--wp--custom--gap--horizontal))\">\n<h2 class=\"wp-block-heading has-text-align-center\">Kancelaria parafialna<\/h2>\n\n\n\n<p class=\"has-text-align-center has-contrast-2-color has-text-color has-link-color has-medium-font-size wp-elements-7137869e3bb696cbf77f9aebcab66da7\">Informacje dotycz\u0105ce formalno\u015bci i przygotowania do sakrament\u00f3w.<br>Kancelaria parafialna jest otwarta po ka\u017cdej Mszy \u015awi\u0119tej.<\/p>\n\n\n\n<div style=\"height:4px\" aria-hidden=\"true\" class=\"wp-block-spacer\"><\/div>\n<\/div>\n\n\n\n<div class=\"wp-block-group alignfull has-base-background-color has-background has-global-padding is-layout-constrained wp-container-core-group-is-layout-05038074 wp-block-group-is-layout-constrained\" style=\"margin-top:0;margin-bottom:0;padding-top:var(--wp--preset--spacing--20);padding-right:var(--wp--preset--spacing--50);padding-bottom:var(--wp--preset--spacing--50);padding-left:var(--wp--preset--spacing--50)\">\n<div class=\"wp-block-group alignwide has-contrast-2-color has-text-color has-link-color wp-elements-f9093e85fff8eefe630ce7704e1a22e7 is-layout-flow wp-container-core-group-is-layout-e220fb16 wp-block-group-is-layout-flow\">\n<h3 class=\"wp-block-heading alignwide has-contrast-2-color has-text-color has-link-color wp-elements-7000748f82fcfa4c71c51659af931427\" style=\"font-size:clamp(1.039rem, 1.039rem + ((1vw - 0.2rem) * 0.935), 1.6rem);font-style:normal;font-weight:600\">Sakrament Chrztu \u015awi\u0119tego<\/h3>\n\n\n\n<p class=\"has-contrast-1-color has-text-color has-link-color wp-elements-6ff8c1e782768e79a7f60ac665cdb40a\">Konieczne jest okazanie:<\/p>\n\n\n\n<ul class=\"wp-block-list has-contrast-1-color has-text-color has-link-color wp-elements-1d4f8e5827e1b42c3797c06093bf9f61\">\n<li>aktu urodzenia dziecka,<\/li>\n\n\n\n<li>\u015bwiadectwa \u015blubu rodzic\u00f3w,<\/li>\n\n\n\n<li>za\u015bwiadczenia o rodzicach chrzestnych (z parafii zamieszkania), \u017ce s\u0105 wierz\u0105cy i praktykuj\u0105cy.<\/li>\n<\/ul>\n\n\n\n<div style=\"height:2px\" aria-hidden=\"true\" class=\"wp-block-spacer\"><\/div>\n\n\n\n<hr class=\"wp-block-separator has-text-color has-alpha-channel-opacity has-background is-style-wide\" style=\"margin-top:var(--wp--preset--spacing--30);margin-bottom:var(--wp--preset--spacing--30);background-color:#399ef1;color:#399ef1\"\/>\n\n\n\n<div style=\"height:2px\" aria-hidden=\"true\" class=\"wp-block-spacer\"><\/div>\n\n\n\n<h3 class=\"wp-block-heading alignwide has-contrast-2-color has-text-color has-link-color wp-elements-34ffe42612732714911f744d850207f0\" style=\"font-size:clamp(1.039rem, 1.039rem + ((1vw - 0.2rem) * 0.935), 1.6rem);font-style:normal;font-weight:600\">Sakrament Ma\u0142\u017ce\u0144stwa<\/h3>\n\n\n\n<p class=\"has-contrast-1-color has-text-color has-link-color wp-elements-6ff8c1e782768e79a7f60ac665cdb40a\">Konieczne jest okazanie:<\/p>\n\n\n\n<ul class=\"wp-block-list\">\n<li>dokumentu to\u017csamo\u015bci (dow\u00f3d osobisty lub paszport),<\/li>\n\n\n\n<li>aktu chrztu z zaznaczeniem \u201edo \u015blubu ko\u015bcielnego\u201d (nie starszy ni\u017c p\u00f3\u0142 roku),<\/li>\n\n\n\n<li>za\u015bwiadczenia o uko\u0144czeniu katechezy przedma\u0142\u017ce\u0144skiej.<\/li>\n<\/ul>\n\n\n\n<p>Zg\u0142osi\u0107 si\u0119 nale\u017cy nie p\u00f3\u017aniej ni\u017c na trzy miesi\u0105ce przed planowanym \u015blubem.<\/p>\n\n\n\n<div style=\"height:2px\" aria-hidden=\"true\" class=\"wp-block-spacer\"><\/div>\n\n\n\n<hr class=\"wp-block-separator has-text-color has-alpha-channel-opacity has-background is-style-wide\" style=\"margin-top:var(--wp--preset--spacing--30);margin-bottom:var(--wp--preset--spacing--30);background-color:#399ef1;color:#399ef1\"\/>\n\n\n\n<div style=\"height:2px\" aria-hidden=\"true\" class=\"wp-block-spacer\"><\/div>\n\n\n\n<h3 class=\"wp-block-heading alignwide has-contrast-2-color has-text-color has-link-color wp-elements-423b436ed7dc2bd731e137a6cfeb6d13\" style=\"font-size:clamp(1.039rem, 1.039rem + ((1vw - 0.2rem) * 0.935), 1.6rem);font-style:normal;font-weight:600\">Pogrzeb<\/h3>\n\n\n\n<p class=\"has-contrast-1-color has-text-color has-link-color wp-elements-6ff8c1e782768e79a7f60ac665cdb40a\">Konieczne jest okazanie:<\/p>\n\n\n\n<ul class=\"wp-block-list has-contrast-1-color has-text-color has-link-color wp-elements-1e35a478a7936d27673fa53383498844\">\n<li>aktu zgonu (do wgl\u0105du),<\/li>\n\n\n\n<li>ewentualnie po\u015bwiadczenie przyj\u0119cia sakrament\u00f3w przed \u015bmierci\u0105.<\/li>\n<\/ul>\n<\/div>\n\n\n\n<div style=\"height:2px\" aria-hidden=\"true\" class=\"wp-block-spacer\"><\/div>\n<\/div>\n","protected":false},"excerpt":{"rendered":"<p>Kancelaria parafialna Informacje dotycz\u0105ce formalno\u015bci i przygotowania do sakrament\u00f3w.Kancelaria parafialna jest otwarta po ka\u017cdej Mszy \u015awi\u0119tej. Sakrament Chrztu \u015awi\u0119tego Konieczne jest okazanie: Sakrament Ma\u0142\u017ce\u0144stwa Konieczne jest okazanie: Zg\u0142osi\u0107 si\u0119 nale\u017cy nie p\u00f3\u017aniej ni\u017c na trzy miesi\u0105ce przed planowanym \u015blubem. Pogrzeb Konieczne jest okazanie:<\/p>\n","protected":false},"author":2,"featured_media":0,"parent":0,"menu_order":0,"comment_status":"closed","ping_status":"closed","template":"","meta":{"footnotes":""},"class_list":["post-34","page","type-page","status-publish","hentry"],"yoast_head":"<!-- This site is optimized with the Yoast SEO plugin v26.6 - https:\/\/yoast.com\/wordpress\/plugins\/seo\/ -->\n<title>Kancelaria - Parafia Przemienienia Pa\u0144skiego i \u015awi\u0119tego Maksymiliana Kolbego w D\u0105br\u00f3wce Wielkiej<\/title>\n<meta name=\"robots\" content=\"index, follow, max-snippet:-1, max-image-preview:large, max-video-preview:-1\" \/>\n<link rel=\"canonical\" href=\"https:\/\/parafia-dabrowka.pl\/index.php\/kancelaria\/\" \/>\n<meta property=\"og:locale\" content=\"pl_PL\" \/>\n<meta property=\"og:type\" content=\"article\" \/>\n<meta property=\"og:title\" content=\"Kancelaria - Parafia Przemienienia Pa\u0144skiego i \u015awi\u0119tego Maksymiliana Kolbego w D\u0105br\u00f3wce Wielkiej\" \/>\n<meta property=\"og:description\" content=\"Kancelaria parafialna Informacje dotycz\u0105ce formalno\u015bci i przygotowania do sakrament\u00f3w.Kancelaria parafialna jest otwarta po ka\u017cdej Mszy \u015awi\u0119tej. Sakrament Chrztu \u015awi\u0119tego Konieczne jest okazanie: Sakrament Ma\u0142\u017ce\u0144stwa Konieczne jest okazanie: Zg\u0142osi\u0107 si\u0119 nale\u017cy nie p\u00f3\u017aniej ni\u017c na trzy miesi\u0105ce przed planowanym \u015blubem. Pogrzeb Konieczne jest okazanie:\" \/>\n<meta property=\"og:url\" content=\"https:\/\/parafia-dabrowka.pl\/index.php\/kancelaria\/\" \/>\n<meta property=\"og:site_name\" content=\"Parafia Przemienienia Pa\u0144skiego i \u015awi\u0119tego Maksymiliana Kolbego w D\u0105br\u00f3wce Wielkiej\" \/>\n<meta property=\"article:publisher\" content=\"https:\/\/www.facebook.com\/profile.php?id=61582614527634\" \/>\n<meta property=\"article:modified_time\" content=\"2025-12-23T00:02:09+00:00\" \/>\n<meta name=\"twitter:card\" content=\"summary_large_image\" \/>\n<meta name=\"twitter:label1\" content=\"Szacowany czas czytania\" \/>\n\t<meta name=\"twitter:data1\" content=\"1 minuta\" \/>\n<script type=\"application\/ld+json\" class=\"yoast-schema-graph\">{\"@context\":\"https:\/\/schema.org\",\"@graph\":[{\"@type\":\"WebPage\",\"@id\":\"https:\/\/parafia-dabrowka.pl\/index.php\/kancelaria\/\",\"url\":\"https:\/\/parafia-dabrowka.pl\/index.php\/kancelaria\/\",\"name\":\"Kancelaria - Parafia Przemienienia Pa\u0144skiego i \u015awi\u0119tego Maksymiliana Kolbego w D\u0105br\u00f3wce Wielkiej\",\"isPartOf\":{\"@id\":\"https:\/\/parafia-dabrowka.pl\/#website\"},\"datePublished\":\"2025-12-16T21:41:04+00:00\",\"dateModified\":\"2025-12-23T00:02:09+00:00\",\"breadcrumb\":{\"@id\":\"https:\/\/parafia-dabrowka.pl\/index.php\/kancelaria\/#breadcrumb\"},\"inLanguage\":\"pl-PL\",\"potentialAction\":[{\"@type\":\"ReadAction\",\"target\":[\"https:\/\/parafia-dabrowka.pl\/index.php\/kancelaria\/\"]}]},{\"@type\":\"BreadcrumbList\",\"@id\":\"https:\/\/parafia-dabrowka.pl\/index.php\/kancelaria\/#breadcrumb\",\"itemListElement\":[{\"@type\":\"ListItem\",\"position\":1,\"name\":\"Strona g\u0142\u00f3wna\",\"item\":\"https:\/\/parafia-dabrowka.pl\/\"},{\"@type\":\"ListItem\",\"position\":2,\"name\":\"Kancelaria\"}]},{\"@type\":\"WebSite\",\"@id\":\"https:\/\/parafia-dabrowka.pl\/#website\",\"url\":\"https:\/\/parafia-dabrowka.pl\/\",\"name\":\"Parafia Przemienienia Pa\u0144skiego i \u015awi\u0119tego Maksymiliana Kolbego w D\u0105br\u00f3wce Wielkiej\",\"description\":\"\",\"publisher\":{\"@id\":\"https:\/\/parafia-dabrowka.pl\/#organization\"},\"potentialAction\":[{\"@type\":\"SearchAction\",\"target\":{\"@type\":\"EntryPoint\",\"urlTemplate\":\"https:\/\/parafia-dabrowka.pl\/?s={search_term_string}\"},\"query-input\":{\"@type\":\"PropertyValueSpecification\",\"valueRequired\":true,\"valueName\":\"search_term_string\"}}],\"inLanguage\":\"pl-PL\"},{\"@type\":\"Organization\",\"@id\":\"https:\/\/parafia-dabrowka.pl\/#organization\",\"name\":\"Parafia Przemienienia Pa\u0144skiego i \u015awi\u0119tego Maksymiliana Kolbego w D\u0105br\u00f3wce Wielkiej\",\"url\":\"https:\/\/parafia-dabrowka.pl\/\",\"logo\":{\"@type\":\"ImageObject\",\"inLanguage\":\"pl-PL\",\"@id\":\"https:\/\/parafia-dabrowka.pl\/#\/schema\/logo\/image\/\",\"url\":\"https:\/\/parafia-dabrowka.pl\/wp-content\/uploads\/2025\/12\/parafia-rzymskokatolicka-pw.-przemienienia-panskiego-w-dabrowce-wielkiej-e28094-kopia.png\",\"contentUrl\":\"https:\/\/parafia-dabrowka.pl\/wp-content\/uploads\/2025\/12\/parafia-rzymskokatolicka-pw.-przemienienia-panskiego-w-dabrowce-wielkiej-e28094-kopia.png\",\"width\":500,\"height\":249,\"caption\":\"Parafia Przemienienia Pa\u0144skiego i \u015awi\u0119tego Maksymiliana Kolbego w D\u0105br\u00f3wce Wielkiej\"},\"image\":{\"@id\":\"https:\/\/parafia-dabrowka.pl\/#\/schema\/logo\/image\/\"},\"sameAs\":[\"https:\/\/www.facebook.com\/profile.php?id=61582614527634\"]}]}<\/script>\n<!-- \/ Yoast SEO plugin. -->","yoast_head_json":{"title":"Kancelaria - Parafia Przemienienia Pa\u0144skiego i \u015awi\u0119tego Maksymiliana Kolbego w D\u0105br\u00f3wce Wielkiej","robots":{"index":"index","follow":"follow","max-snippet":"max-snippet:-1","max-image-preview":"max-image-preview:large","max-video-preview":"max-video-preview:-1"},"canonical":"https:\/\/parafia-dabrowka.pl\/index.php\/kancelaria\/","og_locale":"pl_PL","og_type":"article","og_title":"Kancelaria - Parafia Przemienienia Pa\u0144skiego i \u015awi\u0119tego Maksymiliana Kolbego w D\u0105br\u00f3wce Wielkiej","og_description":"Kancelaria parafialna Informacje dotycz\u0105ce formalno\u015bci i przygotowania do sakrament\u00f3w.Kancelaria parafialna jest otwarta po ka\u017cdej Mszy \u015awi\u0119tej. Sakrament Chrztu \u015awi\u0119tego Konieczne jest okazanie: Sakrament Ma\u0142\u017ce\u0144stwa Konieczne jest okazanie: Zg\u0142osi\u0107 si\u0119 nale\u017cy nie p\u00f3\u017aniej ni\u017c na trzy miesi\u0105ce przed planowanym \u015blubem. Pogrzeb Konieczne jest okazanie:","og_url":"https:\/\/parafia-dabrowka.pl\/index.php\/kancelaria\/","og_site_name":"Parafia Przemienienia Pa\u0144skiego i \u015awi\u0119tego Maksymiliana Kolbego w D\u0105br\u00f3wce Wielkiej","article_publisher":"https:\/\/www.facebook.com\/profile.php?id=61582614527634","article_modified_time":"2025-12-23T00:02:09+00:00","twitter_card":"summary_large_image","twitter_misc":{"Szacowany czas czytania":"1 minuta"},"schema":{"@context":"https:\/\/schema.org","@graph":[{"@type":"WebPage","@id":"https:\/\/parafia-dabrowka.pl\/index.php\/kancelaria\/","url":"https:\/\/parafia-dabrowka.pl\/index.php\/kancelaria\/","name":"Kancelaria - Parafia Przemienienia Pa\u0144skiego i \u015awi\u0119tego Maksymiliana Kolbego w D\u0105br\u00f3wce Wielkiej","isPartOf":{"@id":"https:\/\/parafia-dabrowka.pl\/#website"},"datePublished":"2025-12-16T21:41:04+00:00","dateModified":"2025-12-23T00:02:09+00:00","breadcrumb":{"@id":"https:\/\/parafia-dabrowka.pl\/index.php\/kancelaria\/#breadcrumb"},"inLanguage":"pl-PL","potentialAction":[{"@type":"ReadAction","target":["https:\/\/parafia-dabrowka.pl\/index.php\/kancelaria\/"]}]},{"@type":"BreadcrumbList","@id":"https:\/\/parafia-dabrowka.pl\/index.php\/kancelaria\/#breadcrumb","itemListElement":[{"@type":"ListItem","position":1,"name":"Strona g\u0142\u00f3wna","item":"https:\/\/parafia-dabrowka.pl\/"},{"@type":"ListItem","position":2,"name":"Kancelaria"}]},{"@type":"WebSite","@id":"https:\/\/parafia-dabrowka.pl\/#website","url":"https:\/\/parafia-dabrowka.pl\/","name":"Parafia Przemienienia Pa\u0144skiego i \u015awi\u0119tego Maksymiliana Kolbego w D\u0105br\u00f3wce Wielkiej","description":"","publisher":{"@id":"https:\/\/parafia-dabrowka.pl\/#organization"},"potentialAction":[{"@type":"SearchAction","target":{"@type":"EntryPoint","urlTemplate":"https:\/\/parafia-dabrowka.pl\/?s={search_term_string}"},"query-input":{"@type":"PropertyValueSpecification","valueRequired":true,"valueName":"search_term_string"}}],"inLanguage":"pl-PL"},{"@type":"Organization","@id":"https:\/\/parafia-dabrowka.pl\/#organization","name":"Parafia Przemienienia Pa\u0144skiego i \u015awi\u0119tego Maksymiliana Kolbego w D\u0105br\u00f3wce Wielkiej","url":"https:\/\/parafia-dabrowka.pl\/","logo":{"@type":"ImageObject","inLanguage":"pl-PL","@id":"https:\/\/parafia-dabrowka.pl\/#\/schema\/logo\/image\/","url":"https:\/\/parafia-dabrowka.pl\/wp-content\/uploads\/2025\/12\/parafia-rzymskokatolicka-pw.-przemienienia-panskiego-w-dabrowce-wielkiej-e28094-kopia.png","contentUrl":"https:\/\/parafia-dabrowka.pl\/wp-content\/uploads\/2025\/12\/parafia-rzymskokatolicka-pw.-przemienienia-panskiego-w-dabrowce-wielkiej-e28094-kopia.png","width":500,"height":249,"caption":"Parafia Przemienienia Pa\u0144skiego i \u015awi\u0119tego Maksymiliana Kolbego w D\u0105br\u00f3wce Wielkiej"},"image":{"@id":"https:\/\/parafia-dabrowka.pl\/#\/schema\/logo\/image\/"},"sameAs":["https:\/\/www.facebook.com\/profile.php?id=61582614527634"]}]}},"_links":{"self":[{"href":"https:\/\/parafia-dabrowka.pl\/index.php\/wp-json\/wp\/v2\/pages\/34","targetHints":{"allow":["GET"]}}],"collection":[{"href":"https:\/\/parafia-dabrowka.pl\/index.php\/wp-json\/wp\/v2\/pages"}],"about":[{"href":"https:\/\/parafia-dabrowka.pl\/index.php\/wp-json\/wp\/v2\/types\/page"}],"author":[{"embeddable":true,"href":"https:\/\/parafia-dabrowka.pl\/index.php\/wp-json\/wp\/v2\/users\/2"}],"replies":[{"embeddable":true,"href":"https:\/\/parafia-dabrowka.pl\/index.php\/wp-json\/wp\/v2\/comments?post=34"}],"version-history":[{"count":8,"href":"https:\/\/parafia-dabrowka.pl\/index.php\/wp-json\/wp\/v2\/pages\/34\/revisions"}],"predecessor-version":[{"id":734,"href":"https:\/\/parafia-dabrowka.pl\/index.php\/wp-json\/wp\/v2\/pages\/34\/revisions\/734"}],"wp:attachment":[{"href":"https:\/\/parafia-dabrowka.pl\/index.php\/wp-json\/wp\/v2\/media?parent=34"}],"curies":[{"name":"wp","href":"https:\/\/api.w.org\/{rel}","templated":true}]}}