{"id":36,"date":"2025-12-16T22:41:36","date_gmt":"2025-12-16T21:41:36","guid":{"rendered":"https:\/\/parafiadabrowka.wordpress.com\/?page_id=36"},"modified":"2025-12-23T00:24:57","modified_gmt":"2025-12-23T00:24:57","slug":"wspolnoty","status":"publish","type":"page","link":"https:\/\/parafia-dabrowka.pl\/index.php\/wspolnoty\/","title":{"rendered":"Wsp\u00f3lnoty"},"content":{"rendered":"\n<div class=\"wp-block-group alignfull has-global-padding is-content-justification-center is-layout-constrained wp-container-core-group-is-layout-13c8b6ad wp-block-group-is-layout-constrained\" style=\"margin-top:0;margin-bottom:0;padding-top:var(--wp--preset--spacing--50);padding-right:var(--wp--style--root--padding-right, var(--wp--custom--gap--horizontal));padding-bottom:calc( 0.5 * var(--wp--style--root--padding-right, var(--wp--custom--gap--horizontal)));padding-left:var(--wp--style--root--padding-left, var(--wp--custom--gap--horizontal))\">\n<h2 class=\"wp-block-heading has-text-align-center\">Wsp\u00f3lnoty parafialne<\/h2>\n\n\n\n<p class=\"has-text-align-center has-contrast-2-color has-text-color has-link-color has-medium-font-size wp-elements-bf4c05a3f28f8aae4dc042cdf67c2dcb\">Najwa\u017cniejsze informacje dotycz\u0105ce wsp\u00f3lnot dzia\u0142aj\u0105cych w naszej parafii.<\/p>\n<\/div>\n\n\n\n<div class=\"wp-block-group alignfull is-style-section-3 has-base-background-color has-background has-global-padding is-content-justification-center is-layout-constrained wp-container-core-group-is-layout-e67d44a1 wp-block-group-is-layout-constrained\" style=\"margin-top:0;margin-bottom:0;padding-top:var(--wp--preset--spacing--30);padding-right:var(--wp--preset--spacing--50);padding-bottom:var(--wp--preset--spacing--30);padding-left:var(--wp--preset--spacing--50)\">\n<div class=\"wp-block-group alignwide is-layout-flow wp-container-core-group-is-layout-03ed30e4 wp-block-group-is-layout-flow\" style=\"padding-right:var(--wp--preset--spacing--50);padding-left:var(--wp--preset--spacing--50)\">\n<div class=\"wp-block-columns alignwide is-layout-flex wp-container-core-columns-is-layout-c6809a2b wp-block-columns-is-layout-flex\">\n<div class=\"wp-block-column is-layout-flow wp-container-core-column-is-layout-e56069cd wp-block-column-is-layout-flow\" style=\"padding-top:16px;padding-bottom:16px\">\n<h3 class=\"wp-block-heading alignwide has-text-align-left is-service-name has-contrast-color has-text-color has-link-color has-large-font-size wp-elements-fd77609ea1dd9298fbb11bc1b4361ae0\">Rada Parafii<\/h3>\n<\/div>\n\n\n\n<div class=\"wp-block-column is-layout-flow wp-block-column-is-layout-flow\">\n<div class=\"wp-block-group alignwide has-contrast-color has-text-color has-link-color wp-elements-d77cbeb0b1afd8c022f36e35a171a540 is-layout-flow wp-block-group-is-layout-flow\" style=\"border-bottom-color:#8ab1ef;border-bottom-width:1px;padding-top:8px;padding-bottom:16px\">\n<p class=\"is-service-description has-small-font-size\">Rada spotyka si\u0119 w razie potrzeby, aby om\u00f3wi\u0107 bie\u017c\u0105ce kwestie i podj\u0105\u0107 wa\u017cne decyzje. Terminy spotka\u0144 b\u0119d\u0105 podawane na bie\u017c\u0105co w aktualno\u015bciach. Zapraszamy ka\u017cdego, kto chce wsp\u00f3lnie troszczy\u0107 si\u0119 o parafi\u0119.<\/p>\n<\/div>\n<\/div>\n<\/div>\n\n\n\n<div class=\"wp-block-columns alignwide is-layout-flex wp-container-core-columns-is-layout-c6809a2b wp-block-columns-is-layout-flex\">\n<div class=\"wp-block-column has-contrast-color has-text-color has-link-color wp-elements-380f0b6e2109faaa9f4c78eff76f900d is-layout-flow wp-block-column-is-layout-flow\" style=\"padding-top:16px;padding-bottom:16px\">\n<h3 class=\"wp-block-heading alignwide has-text-align-left is-service-name has-contrast-color has-text-color has-link-color wp-elements-64624da98197ae5d4b6fbd35a4993631\">Schola<\/h3>\n<\/div>\n\n\n\n<div class=\"wp-block-column is-layout-flow wp-block-column-is-layout-flow\">\n<div class=\"wp-block-group alignwide is-layout-flow wp-block-group-is-layout-flow\" style=\"border-bottom-color:#8ab1ef;border-bottom-width:1px;padding-top:8px;padding-bottom:16px\">\n<p class=\"is-service-description has-small-font-size\">Spotkania scholi odbywaj\u0105 si\u0119 przed niedzieln\u0105 Msz\u0105 \u015awi\u0119t\u0105. Zapraszamy wszystkie dzieci, kt\u00f3re chc\u0105 \u015bpiewa\u0107, na godzin\u0119 10:40. Spotkania odbywaj\u0105 si\u0119 na ko\u015bcielnym ch\u00f3rze i s\u0105 prowadzone przez p. Justyn\u0119 Zi\u00f3\u0142kowsk\u0105.<\/p>\n<\/div>\n<\/div>\n<\/div>\n\n\n\n<div class=\"wp-block-columns alignwide is-layout-flex wp-container-core-columns-is-layout-c6809a2b wp-block-columns-is-layout-flex\">\n<div class=\"wp-block-column has-contrast-color has-text-color has-link-color wp-elements-5c1996183c673620c2d5cd227f0370f2 is-layout-flow wp-block-column-is-layout-flow\" style=\"padding-top:16px;padding-bottom:16px\">\n<h3 class=\"wp-block-heading alignwide has-text-align-left is-service-name has-contrast-color has-text-color has-link-color wp-elements-399f61ac553c99ebf72aaffae12d3c45\">Ministranci<\/h3>\n<\/div>\n\n\n\n<div class=\"wp-block-column is-layout-flow wp-block-column-is-layout-flow\">\n<div class=\"wp-block-group alignwide is-layout-flow wp-block-group-is-layout-flow\" style=\"border-bottom-style:none;border-bottom-width:0px;padding-top:8px;padding-bottom:16px\">\n<p class=\"is-service-description has-small-font-size\">Wsp\u00f3lnota ch\u0142opc\u00f3w pos\u0142uguj\u0105cych podczas Mszy. Spotykamy si\u0119 regularnie, 20 minut przed ka\u017cd\u0105 Msz\u0105 \u015awi\u0119t\u0105. Do wsp\u00f3lnoty mog\u0105 do\u0142\u0105czy\u0107 zar\u00f3wno obecni ministranci, jak i ch\u0142opcy, kt\u00f3rzy chc\u0105 rozpocz\u0105\u0107 swoj\u0105 s\u0142u\u017cb\u0119.<\/p>\n<\/div>\n<\/div>\n<\/div>\n<\/div>\n<\/div>\n","protected":false},"excerpt":{"rendered":"<p>Wsp\u00f3lnoty parafialne Najwa\u017cniejsze informacje dotycz\u0105ce wsp\u00f3lnot dzia\u0142aj\u0105cych w naszej parafii. Rada Parafii Rada spotyka si\u0119 w razie potrzeby, aby om\u00f3wi\u0107 bie\u017c\u0105ce kwestie i podj\u0105\u0107 wa\u017cne decyzje. Terminy spotka\u0144 b\u0119d\u0105 podawane na bie\u017c\u0105co w aktualno\u015bciach. Zapraszamy ka\u017cdego, kto chce wsp\u00f3lnie troszczy\u0107 si\u0119 o parafi\u0119. Schola Spotkania scholi odbywaj\u0105 si\u0119 przed niedzieln\u0105 Msz\u0105 \u015awi\u0119t\u0105. Zapraszamy wszystkie dzieci, [&hellip;]<\/p>\n","protected":false},"author":2,"featured_media":0,"parent":0,"menu_order":0,"comment_status":"closed","ping_status":"closed","template":"","meta":{"footnotes":""},"class_list":["post-36","page","type-page","status-publish","hentry"],"yoast_head":"<!-- This site is optimized with the Yoast SEO plugin v26.6 - https:\/\/yoast.com\/wordpress\/plugins\/seo\/ -->\n<title>Wsp\u00f3lnoty - Parafia Przemienienia Pa\u0144skiego i \u015awi\u0119tego Maksymiliana Kolbego w D\u0105br\u00f3wce Wielkiej<\/title>\n<meta name=\"robots\" content=\"index, follow, max-snippet:-1, max-image-preview:large, max-video-preview:-1\" \/>\n<link rel=\"canonical\" href=\"https:\/\/parafia-dabrowka.pl\/index.php\/wspolnoty\/\" \/>\n<meta property=\"og:locale\" content=\"pl_PL\" \/>\n<meta property=\"og:type\" content=\"article\" \/>\n<meta property=\"og:title\" content=\"Wsp\u00f3lnoty - Parafia Przemienienia Pa\u0144skiego i \u015awi\u0119tego Maksymiliana Kolbego w D\u0105br\u00f3wce Wielkiej\" \/>\n<meta property=\"og:description\" content=\"Wsp\u00f3lnoty parafialne Najwa\u017cniejsze informacje dotycz\u0105ce wsp\u00f3lnot dzia\u0142aj\u0105cych w naszej parafii. Rada Parafii Rada spotyka si\u0119 w razie potrzeby, aby om\u00f3wi\u0107 bie\u017c\u0105ce kwestie i podj\u0105\u0107 wa\u017cne decyzje. Terminy spotka\u0144 b\u0119d\u0105 podawane na bie\u017c\u0105co w aktualno\u015bciach. Zapraszamy ka\u017cdego, kto chce wsp\u00f3lnie troszczy\u0107 si\u0119 o parafi\u0119. Schola Spotkania scholi odbywaj\u0105 si\u0119 przed niedzieln\u0105 Msz\u0105 \u015awi\u0119t\u0105. Zapraszamy wszystkie dzieci, [&hellip;]\" \/>\n<meta property=\"og:url\" content=\"https:\/\/parafia-dabrowka.pl\/index.php\/wspolnoty\/\" \/>\n<meta property=\"og:site_name\" content=\"Parafia Przemienienia Pa\u0144skiego i \u015awi\u0119tego Maksymiliana Kolbego w D\u0105br\u00f3wce Wielkiej\" \/>\n<meta property=\"article:publisher\" content=\"https:\/\/www.facebook.com\/profile.php?id=61582614527634\" \/>\n<meta property=\"article:modified_time\" content=\"2025-12-23T00:24:57+00:00\" \/>\n<meta name=\"twitter:card\" content=\"summary_large_image\" \/>\n<meta name=\"twitter:label1\" content=\"Szacowany czas czytania\" \/>\n\t<meta name=\"twitter:data1\" content=\"1 minuta\" \/>\n<script type=\"application\/ld+json\" class=\"yoast-schema-graph\">{\"@context\":\"https:\/\/schema.org\",\"@graph\":[{\"@type\":\"WebPage\",\"@id\":\"https:\/\/parafia-dabrowka.pl\/index.php\/wspolnoty\/\",\"url\":\"https:\/\/parafia-dabrowka.pl\/index.php\/wspolnoty\/\",\"name\":\"Wsp\u00f3lnoty - Parafia Przemienienia Pa\u0144skiego i \u015awi\u0119tego Maksymiliana Kolbego w D\u0105br\u00f3wce Wielkiej\",\"isPartOf\":{\"@id\":\"https:\/\/parafia-dabrowka.pl\/#website\"},\"datePublished\":\"2025-12-16T21:41:36+00:00\",\"dateModified\":\"2025-12-23T00:24:57+00:00\",\"breadcrumb\":{\"@id\":\"https:\/\/parafia-dabrowka.pl\/index.php\/wspolnoty\/#breadcrumb\"},\"inLanguage\":\"pl-PL\",\"potentialAction\":[{\"@type\":\"ReadAction\",\"target\":[\"https:\/\/parafia-dabrowka.pl\/index.php\/wspolnoty\/\"]}]},{\"@type\":\"BreadcrumbList\",\"@id\":\"https:\/\/parafia-dabrowka.pl\/index.php\/wspolnoty\/#breadcrumb\",\"itemListElement\":[{\"@type\":\"ListItem\",\"position\":1,\"name\":\"Strona g\u0142\u00f3wna\",\"item\":\"https:\/\/parafia-dabrowka.pl\/\"},{\"@type\":\"ListItem\",\"position\":2,\"name\":\"Wsp\u00f3lnoty\"}]},{\"@type\":\"WebSite\",\"@id\":\"https:\/\/parafia-dabrowka.pl\/#website\",\"url\":\"https:\/\/parafia-dabrowka.pl\/\",\"name\":\"Parafia Przemienienia Pa\u0144skiego i \u015awi\u0119tego Maksymiliana Kolbego w D\u0105br\u00f3wce Wielkiej\",\"description\":\"\",\"publisher\":{\"@id\":\"https:\/\/parafia-dabrowka.pl\/#organization\"},\"potentialAction\":[{\"@type\":\"SearchAction\",\"target\":{\"@type\":\"EntryPoint\",\"urlTemplate\":\"https:\/\/parafia-dabrowka.pl\/?s={search_term_string}\"},\"query-input\":{\"@type\":\"PropertyValueSpecification\",\"valueRequired\":true,\"valueName\":\"search_term_string\"}}],\"inLanguage\":\"pl-PL\"},{\"@type\":\"Organization\",\"@id\":\"https:\/\/parafia-dabrowka.pl\/#organization\",\"name\":\"Parafia Przemienienia Pa\u0144skiego i \u015awi\u0119tego Maksymiliana Kolbego w D\u0105br\u00f3wce Wielkiej\",\"url\":\"https:\/\/parafia-dabrowka.pl\/\",\"logo\":{\"@type\":\"ImageObject\",\"inLanguage\":\"pl-PL\",\"@id\":\"https:\/\/parafia-dabrowka.pl\/#\/schema\/logo\/image\/\",\"url\":\"https:\/\/parafia-dabrowka.pl\/wp-content\/uploads\/2025\/12\/parafia-rzymskokatolicka-pw.-przemienienia-panskiego-w-dabrowce-wielkiej-e28094-kopia.png\",\"contentUrl\":\"https:\/\/parafia-dabrowka.pl\/wp-content\/uploads\/2025\/12\/parafia-rzymskokatolicka-pw.-przemienienia-panskiego-w-dabrowce-wielkiej-e28094-kopia.png\",\"width\":500,\"height\":249,\"caption\":\"Parafia Przemienienia Pa\u0144skiego i \u015awi\u0119tego Maksymiliana Kolbego w D\u0105br\u00f3wce Wielkiej\"},\"image\":{\"@id\":\"https:\/\/parafia-dabrowka.pl\/#\/schema\/logo\/image\/\"},\"sameAs\":[\"https:\/\/www.facebook.com\/profile.php?id=61582614527634\"]}]}<\/script>\n<!-- \/ Yoast SEO plugin. -->","yoast_head_json":{"title":"Wsp\u00f3lnoty - Parafia Przemienienia Pa\u0144skiego i \u015awi\u0119tego Maksymiliana Kolbego w D\u0105br\u00f3wce Wielkiej","robots":{"index":"index","follow":"follow","max-snippet":"max-snippet:-1","max-image-preview":"max-image-preview:large","max-video-preview":"max-video-preview:-1"},"canonical":"https:\/\/parafia-dabrowka.pl\/index.php\/wspolnoty\/","og_locale":"pl_PL","og_type":"article","og_title":"Wsp\u00f3lnoty - Parafia Przemienienia Pa\u0144skiego i \u015awi\u0119tego Maksymiliana Kolbego w D\u0105br\u00f3wce Wielkiej","og_description":"Wsp\u00f3lnoty parafialne Najwa\u017cniejsze informacje dotycz\u0105ce wsp\u00f3lnot dzia\u0142aj\u0105cych w naszej parafii. Rada Parafii Rada spotyka si\u0119 w razie potrzeby, aby om\u00f3wi\u0107 bie\u017c\u0105ce kwestie i podj\u0105\u0107 wa\u017cne decyzje. Terminy spotka\u0144 b\u0119d\u0105 podawane na bie\u017c\u0105co w aktualno\u015bciach. Zapraszamy ka\u017cdego, kto chce wsp\u00f3lnie troszczy\u0107 si\u0119 o parafi\u0119. Schola Spotkania scholi odbywaj\u0105 si\u0119 przed niedzieln\u0105 Msz\u0105 \u015awi\u0119t\u0105. Zapraszamy wszystkie dzieci, [&hellip;]","og_url":"https:\/\/parafia-dabrowka.pl\/index.php\/wspolnoty\/","og_site_name":"Parafia Przemienienia Pa\u0144skiego i \u015awi\u0119tego Maksymiliana Kolbego w D\u0105br\u00f3wce Wielkiej","article_publisher":"https:\/\/www.facebook.com\/profile.php?id=61582614527634","article_modified_time":"2025-12-23T00:24:57+00:00","twitter_card":"summary_large_image","twitter_misc":{"Szacowany czas czytania":"1 minuta"},"schema":{"@context":"https:\/\/schema.org","@graph":[{"@type":"WebPage","@id":"https:\/\/parafia-dabrowka.pl\/index.php\/wspolnoty\/","url":"https:\/\/parafia-dabrowka.pl\/index.php\/wspolnoty\/","name":"Wsp\u00f3lnoty - Parafia Przemienienia Pa\u0144skiego i \u015awi\u0119tego Maksymiliana Kolbego w D\u0105br\u00f3wce Wielkiej","isPartOf":{"@id":"https:\/\/parafia-dabrowka.pl\/#website"},"datePublished":"2025-12-16T21:41:36+00:00","dateModified":"2025-12-23T00:24:57+00:00","breadcrumb":{"@id":"https:\/\/parafia-dabrowka.pl\/index.php\/wspolnoty\/#breadcrumb"},"inLanguage":"pl-PL","potentialAction":[{"@type":"ReadAction","target":["https:\/\/parafia-dabrowka.pl\/index.php\/wspolnoty\/"]}]},{"@type":"BreadcrumbList","@id":"https:\/\/parafia-dabrowka.pl\/index.php\/wspolnoty\/#breadcrumb","itemListElement":[{"@type":"ListItem","position":1,"name":"Strona g\u0142\u00f3wna","item":"https:\/\/parafia-dabrowka.pl\/"},{"@type":"ListItem","position":2,"name":"Wsp\u00f3lnoty"}]},{"@type":"WebSite","@id":"https:\/\/parafia-dabrowka.pl\/#website","url":"https:\/\/parafia-dabrowka.pl\/","name":"Parafia Przemienienia Pa\u0144skiego i \u015awi\u0119tego Maksymiliana Kolbego w D\u0105br\u00f3wce Wielkiej","description":"","publisher":{"@id":"https:\/\/parafia-dabrowka.pl\/#organization"},"potentialAction":[{"@type":"SearchAction","target":{"@type":"EntryPoint","urlTemplate":"https:\/\/parafia-dabrowka.pl\/?s={search_term_string}"},"query-input":{"@type":"PropertyValueSpecification","valueRequired":true,"valueName":"search_term_string"}}],"inLanguage":"pl-PL"},{"@type":"Organization","@id":"https:\/\/parafia-dabrowka.pl\/#organization","name":"Parafia Przemienienia Pa\u0144skiego i \u015awi\u0119tego Maksymiliana Kolbego w D\u0105br\u00f3wce Wielkiej","url":"https:\/\/parafia-dabrowka.pl\/","logo":{"@type":"ImageObject","inLanguage":"pl-PL","@id":"https:\/\/parafia-dabrowka.pl\/#\/schema\/logo\/image\/","url":"https:\/\/parafia-dabrowka.pl\/wp-content\/uploads\/2025\/12\/parafia-rzymskokatolicka-pw.-przemienienia-panskiego-w-dabrowce-wielkiej-e28094-kopia.png","contentUrl":"https:\/\/parafia-dabrowka.pl\/wp-content\/uploads\/2025\/12\/parafia-rzymskokatolicka-pw.-przemienienia-panskiego-w-dabrowce-wielkiej-e28094-kopia.png","width":500,"height":249,"caption":"Parafia Przemienienia Pa\u0144skiego i \u015awi\u0119tego Maksymiliana Kolbego w D\u0105br\u00f3wce Wielkiej"},"image":{"@id":"https:\/\/parafia-dabrowka.pl\/#\/schema\/logo\/image\/"},"sameAs":["https:\/\/www.facebook.com\/profile.php?id=61582614527634"]}]}},"_links":{"self":[{"href":"https:\/\/parafia-dabrowka.pl\/index.php\/wp-json\/wp\/v2\/pages\/36","targetHints":{"allow":["GET"]}}],"collection":[{"href":"https:\/\/parafia-dabrowka.pl\/index.php\/wp-json\/wp\/v2\/pages"}],"about":[{"href":"https:\/\/parafia-dabrowka.pl\/index.php\/wp-json\/wp\/v2\/types\/page"}],"author":[{"embeddable":true,"href":"https:\/\/parafia-dabrowka.pl\/index.php\/wp-json\/wp\/v2\/users\/2"}],"replies":[{"embeddable":true,"href":"https:\/\/parafia-dabrowka.pl\/index.php\/wp-json\/wp\/v2\/comments?post=36"}],"version-history":[{"count":2,"href":"https:\/\/parafia-dabrowka.pl\/index.php\/wp-json\/wp\/v2\/pages\/36\/revisions"}],"predecessor-version":[{"id":753,"href":"https:\/\/parafia-dabrowka.pl\/index.php\/wp-json\/wp\/v2\/pages\/36\/revisions\/753"}],"wp:attachment":[{"href":"https:\/\/parafia-dabrowka.pl\/index.php\/wp-json\/wp\/v2\/media?parent=36"}],"curies":[{"name":"wp","href":"https:\/\/api.w.org\/{rel}","templated":true}]}}