{"id":38,"date":"2025-12-16T22:16:09","date_gmt":"2025-12-16T21:16:09","guid":{"rendered":"https:\/\/parafiadabrowka.wordpress.com\/?page_id=38"},"modified":"2025-12-23T00:27:29","modified_gmt":"2025-12-23T00:27:29","slug":"o-parafii","status":"publish","type":"page","link":"https:\/\/parafia-dabrowka.pl\/index.php\/o-parafii\/","title":{"rendered":"O parafii"},"content":{"rendered":"\n<div class=\"wp-block-group alignfull has-background is-layout-flow wp-block-group-is-layout-flow\" style=\"background-color:#c2a98f47;margin-top:0;margin-bottom:0;padding-top:var(--wp--preset--spacing--50);padding-right:var(--wp--preset--spacing--50);padding-bottom:var(--wp--preset--spacing--40);padding-left:var(--wp--preset--spacing--50)\">\n<h1 class=\"wp-block-heading has-contrast-color has-text-color has-link-color has-large-font-size wp-elements-f9fc15d857a79b1a0ccefc5635fed5fd\" style=\"padding-right:var(--wp--preset--spacing--60);padding-left:0;font-style:normal;font-weight:600\">Parafia Rzymskokatolicka pw. Przemienienia Pa\u0144skiego i \u015bw. Maksymiliana Kolbego <br>w D\u0105br\u00f3wce Wielkiej<\/h1>\n\n\n\n<h2 class=\"wp-block-heading has-contrast-2-color has-text-color has-link-color has-inter-font-family has-medium-font-size wp-elements-bc8172b74f2ed7b1c4c246b4e81ca726\" style=\"padding-right:var(--wp--preset--spacing--60);padding-left:0\">Nale\u017cy do dekanatu zgierskiego w archidiecezji \u0142\u00f3dzkiej. <br>Obejmuje miejscowo\u015bci D\u0105br\u00f3wka Wielka oraz okoliczne wsie: Malice, Mariank\u0119, Sowice, Strumiany i Wymok\u0142e.<\/h2>\n\n\n\n<figure class=\"wp-block-image alignwide size-full is-style-rounded is-style-rounded--1\"><img loading=\"lazy\" decoding=\"async\" width=\"1366\" height=\"762\" src=\"https:\/\/parafia-dabrowka.pl\/wp-content\/uploads\/2025\/12\/foto.png\" alt=\"\" class=\"wp-image-42\" srcset=\"https:\/\/parafia-dabrowka.pl\/wp-content\/uploads\/2025\/12\/foto.png 1366w, https:\/\/parafia-dabrowka.pl\/wp-content\/uploads\/2025\/12\/foto-300x167.png 300w, https:\/\/parafia-dabrowka.pl\/wp-content\/uploads\/2025\/12\/foto-1024x571.png 1024w, https:\/\/parafia-dabrowka.pl\/wp-content\/uploads\/2025\/12\/foto-768x428.png 768w\" sizes=\"auto, (max-width: 1366px) 100vw, 1366px\" \/><\/figure>\n<\/div>\n\n\n\n<div class=\"wp-block-group alignfull has-base-background-color has-background has-global-padding is-layout-constrained wp-container-core-group-is-layout-e046d70d wp-block-group-is-layout-constrained\" style=\"margin-top:0;margin-bottom:0;padding-top:var(--wp--preset--spacing--40);padding-right:var(--wp--preset--spacing--50);padding-bottom:var(--wp--preset--spacing--40);padding-left:var(--wp--preset--spacing--50)\">\n<div class=\"wp-block-columns alignwide is-layout-flex wp-container-core-columns-is-layout-549b0c86 wp-block-columns-is-layout-flex\">\n<div class=\"wp-block-column is-layout-flow wp-container-core-column-is-layout-c951c46d wp-block-column-is-layout-flow\" style=\"flex-basis:100%\">\n<p class=\"has-contrast-2-color has-text-color has-link-color has-inter-font-family has-medium-font-size wp-elements-aa8acd5dfc27d8110f21aa766ae2abb1\">Liczba parafian: ok. 1230<br>Odpust: 6 sierpnia (Przemienienia Pa\u0144skiego), 14 sierpnia (\u015bw. Maksymiliana Kolbego)<br>Triduum Eucharystyczne: pi\u0105tek, sobota i niedziela po Wielkanocy<br>Wizytacja duszpasterska: 2025r.<br>Cmentarz: 2500 m2 (1,5 km)<\/p>\n\n\n\n<div style=\"height:4px\" aria-hidden=\"true\" class=\"wp-block-spacer\"><\/div>\n\n\n\n<div class=\"wp-block-columns is-layout-flex wp-container-core-columns-is-layout-87beb0d0 wp-block-columns-is-layout-flex\">\n<div class=\"wp-block-column is-layout-flow wp-block-column-is-layout-flow\">\n<h2 class=\"wp-block-heading has-large-font-size\"><strong>Historia parafii<\/strong><\/h2>\n\n\n\n<p class=\"has-contrast-2-color has-text-color has-link-color wp-elements-4292c436e3b33b3e8d321d85b4de1be5 wp-container-content-9cfa9a5a\">Parafia zosta\u0142a erygowana 1 stycznia 1990 r. przez biskupa W\u0142adys\u0142awa Zi\u00f3\u0142ka.  <\/p>\n\n\n\n<p class=\"has-contrast-2-color has-text-color has-link-color wp-elements-922bef2b4a27ece2c328124ba2ac7b02 wp-container-content-9cfa9a5a\">23 wrze\u015bnia 2000 r. ko\u015bci\u00f3\u0142 zosta\u0142 uroczy\u015bcie po\u015bwi\u0119cony przez arcybiskupa W\u0142adys\u0142awa Zi\u00f3\u0142ka. <\/p>\n\n\n\n<p class=\"has-contrast-2-color has-text-color has-link-color wp-elements-fd1ecefe5f15700603b76c0cdb544582\">25 maja 2025 r. dokonano uroczystej konsekracji ko\u015bcio\u0142a.<\/p>\n\n\n\n<p class=\"has-contrast-2-color has-text-color has-link-color wp-elements-f28b98bfb47c8944dc4d790ab8a49a7a wp-container-content-9cfa9a5a\">Wsp\u00f3lnota parafialna aktywnie w\u0142\u0105cza si\u0119 w \u017cycie archidiecezji \u0142\u00f3dzkiej i podejmuje liczne inicjatywy duszpasterskie.<br>\u200b<\/p>\n<\/div>\n\n\n\n<div class=\"wp-block-column is-layout-flow wp-block-column-is-layout-flow\">\n<h2 class=\"wp-block-heading has-large-font-size\"><strong>Ko\u015bci\u00f3\u0142 parafialny<\/strong><\/h2>\n\n\n\n<p class=\"has-contrast-2-color has-text-color has-link-color wp-elements-c22b857c62137bfb8ab098a096d09da9\">W 1986 r. wmurowano kamie\u0144 w\u0119gielny pod budow\u0119 ko\u015bcio\u0142a zaprojektowanego przez architekta Miros\u0142awa Rybaka. Prace budowlane zako\u0144czono w 1992 r. <\/p>\n\n\n\n<p class=\"has-contrast-2-color has-text-color has-link-color wp-elements-6489e063ead8375f03eb6131649f22c9\">Ko\u015bci\u00f3\u0142 parafialny jest nowoczesn\u0105 \u015bwi\u0105tyni\u0105 jednonawow\u0105 z wyra\u017anie wyodr\u0119bnionym prezbiterium. W g\u0142\u00f3wnym o\u0142tarzu znajduje si\u0119 obraz Przemienienia Pa\u0144skiego. <\/p>\n\n\n\n<p class=\"has-contrast-2-color has-text-color has-link-color wp-elements-f98ccc30c33fe598531a89839cf68266\">W 2002 r. otynkowano \u015bwi\u0105tyni\u0119, a w 2006 r. po\u0142o\u017cono kostk\u0119 brukow\u0105 wok\u00f3\u0142 ko\u015bcio\u0142a. <br>\u200b<\/p>\n<\/div>\n<\/div>\n<\/div>\n<\/div>\n<\/div>\n\n\n\n<div class=\"wp-block-cover alignfull is-light has-parallax\" style=\"padding-top:var(--wp--preset--spacing--50);padding-right:var(--wp--preset--spacing--50);padding-bottom:var(--wp--preset--spacing--50);padding-left:var(--wp--preset--spacing--50);min-height:100vh;aspect-ratio:unset;\"><div class=\"wp-block-cover__image-background wp-image-116 size-large has-parallax\" style=\"background-position:50% 50%;background-image:url(https:\/\/parafia-dabrowka.pl\/wp-content\/uploads\/2025\/12\/586722712_122107673727087150_7760074715968449808_n.jpg?w=768)\"><\/div><span aria-hidden=\"true\" class=\"wp-block-cover__background has-base-background-color has-background-dim-0 has-background-dim\"><\/span><div class=\"wp-block-cover__inner-container has-global-padding is-layout-constrained wp-container-core-cover-is-layout-e4fd886c wp-block-cover-is-layout-constrained\">\n<div style=\"height:500px\" aria-hidden=\"true\" class=\"wp-block-spacer\"><\/div>\n<\/div><\/div>\n\n\n\n<div class=\"wp-block-group alignfull has-base-2-background-color has-background has-global-padding is-layout-constrained wp-container-core-group-is-layout-32a46761 wp-block-group-is-layout-constrained\" style=\"margin-top:0;margin-bottom:0;padding-top:var(--wp--preset--spacing--40);padding-right:var(--wp--preset--spacing--50);padding-bottom:var(--wp--preset--spacing--40);padding-left:var(--wp--preset--spacing--50)\">\n<div class=\"wp-block-group alignwide is-layout-flow wp-block-group-is-layout-flow\">\n<div style=\"height:var(--wp--preset--spacing--10)\" aria-hidden=\"true\" class=\"wp-block-spacer\"><\/div>\n\n\n\n<h2 class=\"wp-block-heading has-text-align-center has-large-font-size\"><strong>Proboszczowie parafii w D\u0105br\u00f3wce Wielkiej<\/strong><\/h2>\n\n\n\n<p class=\"has-text-align-center has-heading-font-family has-contrast-2-color has-text-color has-link-color has-inter-font-family has-medium-font-size wp-elements-52b0ddbbdb2b2a49eddfc4d2142cb479\" style=\"font-style:normal;font-weight:400;line-height:1.2\">ks. Bronis\u0142aw Wo\u0142oszyn 1990-1992<br>ks. Franciszek Kijowski 2004-2025<br>ks. Konrad Wo\u017aniak 1992-2004<br><strong>ks. Jacek Prostacki, mian. 30.08.2025 <\/strong><br><\/p>\n\n\n\n<p class=\"has-text-align-center has-heading-font-family has-contrast-2-color has-text-color has-link-color has-inter-font-family has-medium-font-size wp-elements-347387ddd208964bb3cf9cf0b5ef4063\" style=\"font-style:normal;font-weight:400;line-height:1.2\">KSI\u0118\u017bA POCHODZ\u0104CY Z PARAFII:<br>ks. Marcin Ko\u0142acz, \u015bwi\u0119cenia w 2003 r.<\/p>\n\n\n\n<div style=\"height:var(--wp--preset--spacing--20)\" aria-hidden=\"true\" class=\"wp-block-spacer\"><\/div>\n<\/div>\n<\/div>\n\n\n\n<div class=\"wp-block-group alignfull has-base-2-color has-accent-background-color has-text-color has-background has-link-color wp-elements-d5168bda2a94d189a5d2883729e28647 has-global-padding is-layout-constrained wp-container-core-group-is-layout-dea900f1 wp-block-group-is-layout-constrained\" style=\"margin-top:0;margin-bottom:0;padding-top:var(--wp--preset--spacing--50);padding-right:var(--wp--preset--spacing--50);padding-bottom:var(--wp--preset--spacing--50);padding-left:var(--wp--preset--spacing--50)\">\n<div class=\"wp-block-columns alignwide is-layout-flex wp-container-core-columns-is-layout-28f84493 wp-block-columns-is-layout-flex\">\n<div class=\"wp-block-column is-layout-flow wp-block-column-is-layout-flow\" style=\"flex-basis:60%\">\n<figure class=\"wp-block-embed is-type-video is-provider-youtube wp-block-embed-youtube wp-embed-aspect-16-9 wp-has-aspect-ratio\"><div class=\"wp-block-embed__wrapper\">\n<iframe loading=\"lazy\" title=\"Konsekracja Ko\u015bcio\u0142a w D\u0105br\u00f3wce Wielkiej k. Zgierza I D\u0105br\u00f3wka 2025\" width=\"500\" height=\"281\" src=\"https:\/\/www.youtube.com\/embed\/2F7wSfBYJKA?feature=oembed\" frameborder=\"0\" allow=\"accelerometer; autoplay; clipboard-write; encrypted-media; gyroscope; picture-in-picture; web-share\" referrerpolicy=\"strict-origin-when-cross-origin\" allowfullscreen><\/iframe>\n<\/div><\/figure>\n<\/div>\n\n\n\n<div class=\"wp-block-column is-layout-flow wp-container-core-column-is-layout-8a368f38 wp-block-column-is-layout-flow\" style=\"flex-basis:30%\">\n<h2 class=\"wp-block-heading has-text-align-left has-base-color has-text-color has-link-color has-large-font-size wp-elements-fdc0ee99fb1ae3644b774378db4aad79\">KONSEKRACJA<\/h2>\n\n\n\n<p class=\"has-text-align-left\">Ko\u015bcio\u0142a w D\u0105br\u00f3wce Wielkiej<\/p>\n<\/div>\n<\/div>\n<\/div>\n","protected":false},"excerpt":{"rendered":"<p>Parafia Rzymskokatolicka pw. Przemienienia Pa\u0144skiego i \u015bw. Maksymiliana Kolbego w D\u0105br\u00f3wce Wielkiej Nale\u017cy do dekanatu zgierskiego w archidiecezji \u0142\u00f3dzkiej. Obejmuje miejscowo\u015bci D\u0105br\u00f3wka Wielka oraz okoliczne wsie: Malice, Mariank\u0119, Sowice, Strumiany i Wymok\u0142e. Liczba parafian: ok. 1230Odpust: 6 sierpnia (Przemienienia Pa\u0144skiego), 14 sierpnia (\u015bw. Maksymiliana Kolbego)Triduum Eucharystyczne: pi\u0105tek, sobota i niedziela po WielkanocyWizytacja duszpasterska: 2025r.Cmentarz: 2500 [&hellip;]<\/p>\n","protected":false},"author":2,"featured_media":0,"parent":0,"menu_order":0,"comment_status":"closed","ping_status":"closed","template":"","meta":{"footnotes":""},"class_list":["post-38","page","type-page","status-publish","hentry"],"yoast_head":"<!-- This site is optimized with the Yoast SEO plugin v26.6 - https:\/\/yoast.com\/wordpress\/plugins\/seo\/ -->\n<title>O parafii - Parafia Przemienienia Pa\u0144skiego i \u015awi\u0119tego Maksymiliana Kolbego w D\u0105br\u00f3wce Wielkiej<\/title>\n<meta name=\"robots\" content=\"index, follow, max-snippet:-1, max-image-preview:large, max-video-preview:-1\" \/>\n<link rel=\"canonical\" href=\"https:\/\/parafia-dabrowka.pl\/index.php\/o-parafii\/\" \/>\n<meta property=\"og:locale\" content=\"pl_PL\" \/>\n<meta property=\"og:type\" content=\"article\" \/>\n<meta property=\"og:title\" content=\"O parafii - Parafia Przemienienia Pa\u0144skiego i \u015awi\u0119tego Maksymiliana Kolbego w D\u0105br\u00f3wce Wielkiej\" \/>\n<meta property=\"og:description\" content=\"Parafia Rzymskokatolicka pw. Przemienienia Pa\u0144skiego i \u015bw. Maksymiliana Kolbego w D\u0105br\u00f3wce Wielkiej Nale\u017cy do dekanatu zgierskiego w archidiecezji \u0142\u00f3dzkiej. Obejmuje miejscowo\u015bci D\u0105br\u00f3wka Wielka oraz okoliczne wsie: Malice, Mariank\u0119, Sowice, Strumiany i Wymok\u0142e. Liczba parafian: ok. 1230Odpust: 6 sierpnia (Przemienienia Pa\u0144skiego), 14 sierpnia (\u015bw. Maksymiliana Kolbego)Triduum Eucharystyczne: pi\u0105tek, sobota i niedziela po WielkanocyWizytacja duszpasterska: 2025r.Cmentarz: 2500 [&hellip;]\" \/>\n<meta property=\"og:url\" content=\"https:\/\/parafia-dabrowka.pl\/index.php\/o-parafii\/\" \/>\n<meta property=\"og:site_name\" content=\"Parafia Przemienienia Pa\u0144skiego i \u015awi\u0119tego Maksymiliana Kolbego w D\u0105br\u00f3wce Wielkiej\" \/>\n<meta property=\"article:publisher\" content=\"https:\/\/www.facebook.com\/profile.php?id=61582614527634\" \/>\n<meta property=\"article:modified_time\" content=\"2025-12-23T00:27:29+00:00\" \/>\n<meta property=\"og:image\" content=\"http:\/\/parafia-dabrowka.pl\/wp-content\/uploads\/2025\/12\/foto.png\" \/>\n<meta name=\"twitter:card\" content=\"summary_large_image\" \/>\n<meta name=\"twitter:label1\" content=\"Szacowany czas czytania\" \/>\n\t<meta name=\"twitter:data1\" content=\"1 minuta\" \/>\n<script type=\"application\/ld+json\" class=\"yoast-schema-graph\">{\"@context\":\"https:\/\/schema.org\",\"@graph\":[{\"@type\":\"WebPage\",\"@id\":\"https:\/\/parafia-dabrowka.pl\/index.php\/o-parafii\/\",\"url\":\"https:\/\/parafia-dabrowka.pl\/index.php\/o-parafii\/\",\"name\":\"O parafii - Parafia Przemienienia Pa\u0144skiego i \u015awi\u0119tego Maksymiliana Kolbego w D\u0105br\u00f3wce Wielkiej\",\"isPartOf\":{\"@id\":\"https:\/\/parafia-dabrowka.pl\/#website\"},\"primaryImageOfPage\":{\"@id\":\"https:\/\/parafia-dabrowka.pl\/index.php\/o-parafii\/#primaryimage\"},\"image\":{\"@id\":\"https:\/\/parafia-dabrowka.pl\/index.php\/o-parafii\/#primaryimage\"},\"thumbnailUrl\":\"http:\/\/parafia-dabrowka.pl\/wp-content\/uploads\/2025\/12\/foto.png\",\"datePublished\":\"2025-12-16T21:16:09+00:00\",\"dateModified\":\"2025-12-23T00:27:29+00:00\",\"breadcrumb\":{\"@id\":\"https:\/\/parafia-dabrowka.pl\/index.php\/o-parafii\/#breadcrumb\"},\"inLanguage\":\"pl-PL\",\"potentialAction\":[{\"@type\":\"ReadAction\",\"target\":[\"https:\/\/parafia-dabrowka.pl\/index.php\/o-parafii\/\"]}]},{\"@type\":\"ImageObject\",\"inLanguage\":\"pl-PL\",\"@id\":\"https:\/\/parafia-dabrowka.pl\/index.php\/o-parafii\/#primaryimage\",\"url\":\"http:\/\/parafia-dabrowka.pl\/wp-content\/uploads\/2025\/12\/foto.png\",\"contentUrl\":\"http:\/\/parafia-dabrowka.pl\/wp-content\/uploads\/2025\/12\/foto.png\"},{\"@type\":\"BreadcrumbList\",\"@id\":\"https:\/\/parafia-dabrowka.pl\/index.php\/o-parafii\/#breadcrumb\",\"itemListElement\":[{\"@type\":\"ListItem\",\"position\":1,\"name\":\"Strona g\u0142\u00f3wna\",\"item\":\"https:\/\/parafia-dabrowka.pl\/\"},{\"@type\":\"ListItem\",\"position\":2,\"name\":\"O parafii\"}]},{\"@type\":\"WebSite\",\"@id\":\"https:\/\/parafia-dabrowka.pl\/#website\",\"url\":\"https:\/\/parafia-dabrowka.pl\/\",\"name\":\"Parafia Przemienienia Pa\u0144skiego i \u015awi\u0119tego Maksymiliana Kolbego w D\u0105br\u00f3wce Wielkiej\",\"description\":\"\",\"publisher\":{\"@id\":\"https:\/\/parafia-dabrowka.pl\/#organization\"},\"potentialAction\":[{\"@type\":\"SearchAction\",\"target\":{\"@type\":\"EntryPoint\",\"urlTemplate\":\"https:\/\/parafia-dabrowka.pl\/?s={search_term_string}\"},\"query-input\":{\"@type\":\"PropertyValueSpecification\",\"valueRequired\":true,\"valueName\":\"search_term_string\"}}],\"inLanguage\":\"pl-PL\"},{\"@type\":\"Organization\",\"@id\":\"https:\/\/parafia-dabrowka.pl\/#organization\",\"name\":\"Parafia Przemienienia Pa\u0144skiego i \u015awi\u0119tego Maksymiliana Kolbego w D\u0105br\u00f3wce Wielkiej\",\"url\":\"https:\/\/parafia-dabrowka.pl\/\",\"logo\":{\"@type\":\"ImageObject\",\"inLanguage\":\"pl-PL\",\"@id\":\"https:\/\/parafia-dabrowka.pl\/#\/schema\/logo\/image\/\",\"url\":\"https:\/\/parafia-dabrowka.pl\/wp-content\/uploads\/2025\/12\/parafia-rzymskokatolicka-pw.-przemienienia-panskiego-w-dabrowce-wielkiej-e28094-kopia.png\",\"contentUrl\":\"https:\/\/parafia-dabrowka.pl\/wp-content\/uploads\/2025\/12\/parafia-rzymskokatolicka-pw.-przemienienia-panskiego-w-dabrowce-wielkiej-e28094-kopia.png\",\"width\":500,\"height\":249,\"caption\":\"Parafia Przemienienia Pa\u0144skiego i \u015awi\u0119tego Maksymiliana Kolbego w D\u0105br\u00f3wce Wielkiej\"},\"image\":{\"@id\":\"https:\/\/parafia-dabrowka.pl\/#\/schema\/logo\/image\/\"},\"sameAs\":[\"https:\/\/www.facebook.com\/profile.php?id=61582614527634\"]}]}<\/script>\n<!-- \/ Yoast SEO plugin. -->","yoast_head_json":{"title":"O parafii - Parafia Przemienienia Pa\u0144skiego i \u015awi\u0119tego Maksymiliana Kolbego w D\u0105br\u00f3wce Wielkiej","robots":{"index":"index","follow":"follow","max-snippet":"max-snippet:-1","max-image-preview":"max-image-preview:large","max-video-preview":"max-video-preview:-1"},"canonical":"https:\/\/parafia-dabrowka.pl\/index.php\/o-parafii\/","og_locale":"pl_PL","og_type":"article","og_title":"O parafii - Parafia Przemienienia Pa\u0144skiego i \u015awi\u0119tego Maksymiliana Kolbego w D\u0105br\u00f3wce Wielkiej","og_description":"Parafia Rzymskokatolicka pw. Przemienienia Pa\u0144skiego i \u015bw. Maksymiliana Kolbego w D\u0105br\u00f3wce Wielkiej Nale\u017cy do dekanatu zgierskiego w archidiecezji \u0142\u00f3dzkiej. Obejmuje miejscowo\u015bci D\u0105br\u00f3wka Wielka oraz okoliczne wsie: Malice, Mariank\u0119, Sowice, Strumiany i Wymok\u0142e. Liczba parafian: ok. 1230Odpust: 6 sierpnia (Przemienienia Pa\u0144skiego), 14 sierpnia (\u015bw. Maksymiliana Kolbego)Triduum Eucharystyczne: pi\u0105tek, sobota i niedziela po WielkanocyWizytacja duszpasterska: 2025r.Cmentarz: 2500 [&hellip;]","og_url":"https:\/\/parafia-dabrowka.pl\/index.php\/o-parafii\/","og_site_name":"Parafia Przemienienia Pa\u0144skiego i \u015awi\u0119tego Maksymiliana Kolbego w D\u0105br\u00f3wce Wielkiej","article_publisher":"https:\/\/www.facebook.com\/profile.php?id=61582614527634","article_modified_time":"2025-12-23T00:27:29+00:00","og_image":[{"url":"http:\/\/parafia-dabrowka.pl\/wp-content\/uploads\/2025\/12\/foto.png","type":"","width":"","height":""}],"twitter_card":"summary_large_image","twitter_misc":{"Szacowany czas czytania":"1 minuta"},"schema":{"@context":"https:\/\/schema.org","@graph":[{"@type":"WebPage","@id":"https:\/\/parafia-dabrowka.pl\/index.php\/o-parafii\/","url":"https:\/\/parafia-dabrowka.pl\/index.php\/o-parafii\/","name":"O parafii - Parafia Przemienienia Pa\u0144skiego i \u015awi\u0119tego Maksymiliana Kolbego w D\u0105br\u00f3wce Wielkiej","isPartOf":{"@id":"https:\/\/parafia-dabrowka.pl\/#website"},"primaryImageOfPage":{"@id":"https:\/\/parafia-dabrowka.pl\/index.php\/o-parafii\/#primaryimage"},"image":{"@id":"https:\/\/parafia-dabrowka.pl\/index.php\/o-parafii\/#primaryimage"},"thumbnailUrl":"http:\/\/parafia-dabrowka.pl\/wp-content\/uploads\/2025\/12\/foto.png","datePublished":"2025-12-16T21:16:09+00:00","dateModified":"2025-12-23T00:27:29+00:00","breadcrumb":{"@id":"https:\/\/parafia-dabrowka.pl\/index.php\/o-parafii\/#breadcrumb"},"inLanguage":"pl-PL","potentialAction":[{"@type":"ReadAction","target":["https:\/\/parafia-dabrowka.pl\/index.php\/o-parafii\/"]}]},{"@type":"ImageObject","inLanguage":"pl-PL","@id":"https:\/\/parafia-dabrowka.pl\/index.php\/o-parafii\/#primaryimage","url":"http:\/\/parafia-dabrowka.pl\/wp-content\/uploads\/2025\/12\/foto.png","contentUrl":"http:\/\/parafia-dabrowka.pl\/wp-content\/uploads\/2025\/12\/foto.png"},{"@type":"BreadcrumbList","@id":"https:\/\/parafia-dabrowka.pl\/index.php\/o-parafii\/#breadcrumb","itemListElement":[{"@type":"ListItem","position":1,"name":"Strona g\u0142\u00f3wna","item":"https:\/\/parafia-dabrowka.pl\/"},{"@type":"ListItem","position":2,"name":"O parafii"}]},{"@type":"WebSite","@id":"https:\/\/parafia-dabrowka.pl\/#website","url":"https:\/\/parafia-dabrowka.pl\/","name":"Parafia Przemienienia Pa\u0144skiego i \u015awi\u0119tego Maksymiliana Kolbego w D\u0105br\u00f3wce Wielkiej","description":"","publisher":{"@id":"https:\/\/parafia-dabrowka.pl\/#organization"},"potentialAction":[{"@type":"SearchAction","target":{"@type":"EntryPoint","urlTemplate":"https:\/\/parafia-dabrowka.pl\/?s={search_term_string}"},"query-input":{"@type":"PropertyValueSpecification","valueRequired":true,"valueName":"search_term_string"}}],"inLanguage":"pl-PL"},{"@type":"Organization","@id":"https:\/\/parafia-dabrowka.pl\/#organization","name":"Parafia Przemienienia Pa\u0144skiego i \u015awi\u0119tego Maksymiliana Kolbego w D\u0105br\u00f3wce Wielkiej","url":"https:\/\/parafia-dabrowka.pl\/","logo":{"@type":"ImageObject","inLanguage":"pl-PL","@id":"https:\/\/parafia-dabrowka.pl\/#\/schema\/logo\/image\/","url":"https:\/\/parafia-dabrowka.pl\/wp-content\/uploads\/2025\/12\/parafia-rzymskokatolicka-pw.-przemienienia-panskiego-w-dabrowce-wielkiej-e28094-kopia.png","contentUrl":"https:\/\/parafia-dabrowka.pl\/wp-content\/uploads\/2025\/12\/parafia-rzymskokatolicka-pw.-przemienienia-panskiego-w-dabrowce-wielkiej-e28094-kopia.png","width":500,"height":249,"caption":"Parafia Przemienienia Pa\u0144skiego i \u015awi\u0119tego Maksymiliana Kolbego w D\u0105br\u00f3wce Wielkiej"},"image":{"@id":"https:\/\/parafia-dabrowka.pl\/#\/schema\/logo\/image\/"},"sameAs":["https:\/\/www.facebook.com\/profile.php?id=61582614527634"]}]}},"_links":{"self":[{"href":"https:\/\/parafia-dabrowka.pl\/index.php\/wp-json\/wp\/v2\/pages\/38","targetHints":{"allow":["GET"]}}],"collection":[{"href":"https:\/\/parafia-dabrowka.pl\/index.php\/wp-json\/wp\/v2\/pages"}],"about":[{"href":"https:\/\/parafia-dabrowka.pl\/index.php\/wp-json\/wp\/v2\/types\/page"}],"author":[{"embeddable":true,"href":"https:\/\/parafia-dabrowka.pl\/index.php\/wp-json\/wp\/v2\/users\/2"}],"replies":[{"embeddable":true,"href":"https:\/\/parafia-dabrowka.pl\/index.php\/wp-json\/wp\/v2\/comments?post=38"}],"version-history":[{"count":27,"href":"https:\/\/parafia-dabrowka.pl\/index.php\/wp-json\/wp\/v2\/pages\/38\/revisions"}],"predecessor-version":[{"id":758,"href":"https:\/\/parafia-dabrowka.pl\/index.php\/wp-json\/wp\/v2\/pages\/38\/revisions\/758"}],"wp:attachment":[{"href":"https:\/\/parafia-dabrowka.pl\/index.php\/wp-json\/wp\/v2\/media?parent=38"}],"curies":[{"name":"wp","href":"https:\/\/api.w.org\/{rel}","templated":true}]}}